{"id":1717,"date":"2021-10-22T23:36:36","date_gmt":"2021-10-22T23:36:36","guid":{"rendered":"http:\/\/new.swpp-fpsc.com\/pour-les-etudiants\/"},"modified":"2024-07-15T14:46:24","modified_gmt":"2024-07-15T14:46:24","slug":"pour-les-etudiants","status":"publish","type":"page","link":"https:\/\/swpp-fpsc.com\/fr\/pour-les-etudiants\/","title":{"rendered":"Pour les \u00e9tudiants"},"content":{"rendered":"\t\t<div data-elementor-type=\"wp-page\" data-elementor-id=\"1717\" class=\"elementor elementor-1717 elementor-667\" data-elementor-post-type=\"page\">\n\t\t\t\t\t\t<section class=\"has_eae_slider elementor-section elementor-top-section elementor-element elementor-element-4e2031d elementor-section-height-min-height elementor-section-boxed elementor-section-height-default elementor-section-items-middle\" data-eae-slider=\"46682\" data-id=\"4e2031d\" data-element_type=\"section\" data-e-type=\"section\" data-settings=\"{&quot;background_background&quot;:&quot;classic&quot;}\">\n\t\t\t\t\t\t\t<div class=\"elementor-background-overlay\"><\/div>\n\t\t\t\t\t\t\t<div class=\"elementor-container elementor-column-gap-default\">\n\t\t\t\t\t<div class=\"has_eae_slider elementor-column elementor-col-50 elementor-top-column elementor-element elementor-element-0f1b0c7\" data-eae-slider=\"55185\" data-id=\"0f1b0c7\" data-element_type=\"column\" data-e-type=\"column\">\n\t\t\t<div class=\"elementor-widget-wrap elementor-element-populated\">\n\t\t\t\t\t\t<div class=\"elementor-element elementor-element-e8571b7 elementor-widget elementor-widget-heading\" data-id=\"e8571b7\" data-element_type=\"widget\" data-e-type=\"widget\" data-widget_type=\"heading.default\">\n\t\t\t\t<div class=\"elementor-widget-container\">\n\t\t\t\t\t<h2 class=\"elementor-heading-title elementor-size-default\">Vous \u00eates \u00e9tudiant et vous <b>r\u00e9fl\u00e9chissez \u00e0 votre carri\u00e8re? Vous planifiez votre avenir? <\/b><\/h2>\t\t\t\t<\/div>\n\t\t\t\t<\/div>\n\t\t\t\t<div class=\"elementor-element elementor-element-4d8baad elementor-widget elementor-widget-text-editor\" data-id=\"4d8baad\" data-element_type=\"widget\" data-e-type=\"widget\" data-widget_type=\"text-editor.default\">\n\t\t\t\t<div class=\"elementor-widget-container\">\n\t\t\t\t\t\t\t\t\t<p>Permettez-nous de vous pr\u00e9senter les offres absolument incroyables de l\u2019industrie canadienne des aliments et des boissons.<\/p>\n\t\t\t\t\t\t\t\t<\/div>\n\t\t\t\t<\/div>\n\t\t\t\t\t<\/div>\n\t\t<\/div>\n\t\t\t\t<div class=\"has_eae_slider elementor-column elementor-col-50 elementor-top-column elementor-element elementor-element-3647970\" data-eae-slider=\"91787\" data-id=\"3647970\" data-element_type=\"column\" data-e-type=\"column\">\n\t\t\t<div class=\"elementor-widget-wrap\">\n\t\t\t\t\t\t\t<\/div>\n\t\t<\/div>\n\t\t\t\t\t<\/div>\n\t\t<\/section>\n\t\t\t\t<section class=\"has_eae_slider elementor-section elementor-top-section elementor-element elementor-element-bea0496 elementor-section-boxed elementor-section-height-default elementor-section-height-default\" data-eae-slider=\"27475\" data-id=\"bea0496\" data-element_type=\"section\" data-e-type=\"section\">\n\t\t\t\t\t\t<div class=\"elementor-container elementor-column-gap-default\">\n\t\t\t\t\t<div class=\"has_eae_slider elementor-column elementor-col-50 elementor-top-column elementor-element elementor-element-23089aa\" data-eae-slider=\"50281\" data-id=\"23089aa\" data-element_type=\"column\" data-e-type=\"column\" data-settings=\"{&quot;background_background&quot;:&quot;classic&quot;}\">\n\t\t\t<div class=\"elementor-widget-wrap elementor-element-populated\">\n\t\t\t\t\t\t<div class=\"elementor-element elementor-element-62a6fff elementor-widget elementor-widget-heading\" data-id=\"62a6fff\" data-element_type=\"widget\" data-e-type=\"widget\" data-widget_type=\"heading.default\">\n\t\t\t\t<div class=\"elementor-widget-container\">\n\t\t\t\t\t<h2 class=\"elementor-heading-title elementor-size-default\">Et ce qui est encore plus incroyable, c\u2019est la panoplie de professions qu\u2019on y trouve : scientifiques de l\u2019alimentation, d\u00e9veloppeurs de produits, m\u00e9tiers sp\u00e9cialis\u00e9s, sp\u00e9cialistes de la production, vente et marketing, et cadres sup\u00e9rieurs. <\/h2>\t\t\t\t<\/div>\n\t\t\t\t<\/div>\n\t\t\t\t<div class=\"elementor-element elementor-element-e9ae255 elementor-widget elementor-widget-text-editor\" data-id=\"e9ae255\" data-element_type=\"widget\" data-e-type=\"widget\" data-widget_type=\"text-editor.default\">\n\t\t\t\t<div class=\"elementor-widget-container\">\n\t\t\t\t\t\t\t\t\t<p>Les cheminements de carri\u00e8re, les possibilit\u00e9s d\u2019avancement et de d\u00e9veloppement de comp\u00e9tences foisonnent. <\/p>\n<p>Gr\u00e2ce au programme de stages pratiques pour \u00e9tudiants+ de Comp\u00e9tences Transformation Alimentaire Canada, vous pourrez explorer des carri\u00e8res en b\u00e9n\u00e9ficiant d\u2019un stage r\u00e9mun\u00e9r\u00e9 aupr\u00e8s d\u2019entreprises de la transformation des aliments et des boissons et, peut-\u00eatre m\u00eame d\u00e9crocher un emploi de r\u00eave lorsque vous aurez termin\u00e9 vos \u00e9tudes.<\/p>\n\t\t\t\t\t\t\t\t<\/div>\n\t\t\t\t<\/div>\n\t\t\t\t<div class=\"elementor-element elementor-element-47199d9 elementor-align-left elementor-mobile-align-center elementor-widget elementor-widget-button\" data-id=\"47199d9\" data-element_type=\"widget\" data-e-type=\"widget\" data-widget_type=\"button.default\">\n\t\t\t\t<div class=\"elementor-widget-container\">\n\t\t\t\t\t\t\t\t\t<div class=\"elementor-button-wrapper\">\n\t\t\t\t\t<a class=\"elementor-button elementor-button-link elementor-size-sm elementor-animation-grow\" href=\"https:\/\/magnet.whoplusyou.com\/lp\/fpsc-ctac\" target=\"_blank\">\n\t\t\t\t\t\t<span class=\"elementor-button-content-wrapper\">\n\t\t\t\t\t\t<span class=\"elementor-button-icon\">\n\t\t\t\t<svg xmlns=\"http:\/\/www.w3.org\/2000\/svg\" width=\"24\" height=\"24\" viewBox=\"0 0 24 24\" fill=\"none\"><path d=\"M10.5858 6.34317L12 4.92896L19.0711 12L12 19.0711L10.5858 17.6569L16.2427 12L10.5858 6.34317Z\" fill=\"#F8F8FB\"><\/path><\/svg>\t\t\t<\/span>\n\t\t\t\t\t\t\t\t\t<span class=\"elementor-button-text\">EXPLOREZ LES OFFRES D\u2019EMPLOI<\/span>\n\t\t\t\t\t<\/span>\n\t\t\t\t\t<\/a>\n\t\t\t\t<\/div>\n\t\t\t\t\t\t\t\t<\/div>\n\t\t\t\t<\/div>\n\t\t\t\t\t<\/div>\n\t\t<\/div>\n\t\t\t\t<div class=\"has_eae_slider elementor-column elementor-col-50 elementor-top-column elementor-element elementor-element-d3dd5ef\" data-eae-slider=\"27810\" data-id=\"d3dd5ef\" data-element_type=\"column\" data-e-type=\"column\" data-settings=\"{&quot;background_background&quot;:&quot;classic&quot;}\">\n\t\t\t<div class=\"elementor-widget-wrap elementor-element-populated\">\n\t\t\t\t\t\t<div class=\"elementor-element elementor-element-cd48e0b elementor-widget elementor-widget-spacer\" data-id=\"cd48e0b\" data-element_type=\"widget\" data-e-type=\"widget\" data-widget_type=\"spacer.default\">\n\t\t\t\t<div class=\"elementor-widget-container\">\n\t\t\t\t\t\t\t<div class=\"elementor-spacer\">\n\t\t\t<div class=\"elementor-spacer-inner\"><\/div>\n\t\t<\/div>\n\t\t\t\t\t\t<\/div>\n\t\t\t\t<\/div>\n\t\t\t\t\t<\/div>\n\t\t<\/div>\n\t\t\t\t\t<\/div>\n\t\t<\/section>\n\t\t\t\t<section class=\"has_eae_slider elementor-section elementor-top-section elementor-element elementor-element-3084769 elementor-section-boxed elementor-section-height-default elementor-section-height-default\" data-eae-slider=\"33984\" data-id=\"3084769\" data-element_type=\"section\" data-e-type=\"section\">\n\t\t\t\t\t\t<div class=\"elementor-container elementor-column-gap-no\">\n\t\t\t\t\t<div class=\"has_eae_slider elementor-column elementor-col-100 elementor-top-column elementor-element elementor-element-437b044\" data-eae-slider=\"37552\" data-id=\"437b044\" data-element_type=\"column\" data-e-type=\"column\">\n\t\t\t<div class=\"elementor-widget-wrap elementor-element-populated\">\n\t\t\t\t\t\t\t<\/div>\n\t\t<\/div>\n\t\t\t\t\t<\/div>\n\t\t<\/section>\n\t\t\t\t<\/div>\n\t\t","protected":false},"excerpt":{"rendered":"<p>Vous \u00eates \u00e9tudiant et vous r\u00e9fl\u00e9chissez \u00e0 votre carri\u00e8re? Vous planifiez votre avenir? Permettez-nous de vous pr\u00e9senter les offres absolument incroyables de l\u2019industrie canadienne des aliments et des boissons. Et ce qui est encore plus incroyable, c\u2019est la panoplie de professions qu\u2019on y trouve : scientifiques de l\u2019alimentation, d\u00e9veloppeurs de produits, m\u00e9tiers sp\u00e9cialis\u00e9s, sp\u00e9cialistes de &#8230; <a title=\"Pour les \u00e9tudiants\" class=\"read-more\" href=\"https:\/\/swpp-fpsc.com\/fr\/pour-les-etudiants\/\" aria-label=\"En savoir plus sur Pour les \u00e9tudiants\">Lire la suite<\/a><\/p>\n","protected":false},"author":2,"featured_media":0,"parent":0,"menu_order":0,"comment_status":"closed","ping_status":"closed","template":"","meta":{"content-type":"","footnotes":""},"class_list":["post-1717","page","type-page","status-publish"],"yoast_head":"<!-- This site is optimized with the Yoast SEO plugin v27.1.1 - https:\/\/yoast.com\/product\/yoast-seo-wordpress\/ -->\n<title>Pour les \u00e9tudiants - For the Love of Skills<\/title>\n<meta name=\"robots\" content=\"index, follow, max-snippet:-1, max-image-preview:large, max-video-preview:-1\" \/>\n<link rel=\"canonical\" href=\"https:\/\/swpp-fpsc.com\/for-students\/\" \/>\n<meta property=\"og:locale\" content=\"fr_FR\" \/>\n<meta property=\"og:type\" content=\"article\" \/>\n<meta property=\"og:title\" content=\"Pour les \u00e9tudiants - For the Love of Skills\" \/>\n<meta property=\"og:description\" content=\"Vous \u00eates \u00e9tudiant et vous r\u00e9fl\u00e9chissez \u00e0 votre carri\u00e8re? Vous planifiez votre avenir? Permettez-nous de vous pr\u00e9senter les offres absolument incroyables de l\u2019industrie canadienne des aliments et des boissons. Et ce qui est encore plus incroyable, c\u2019est la panoplie de professions qu\u2019on y trouve : scientifiques de l\u2019alimentation, d\u00e9veloppeurs de produits, m\u00e9tiers sp\u00e9cialis\u00e9s, sp\u00e9cialistes de ... Lire la suite\" \/>\n<meta property=\"og:url\" content=\"https:\/\/swpp-fpsc.com\/for-students\/\" \/>\n<meta property=\"og:site_name\" content=\"FSPC - SWPP+\" \/>\n<meta property=\"article:publisher\" content=\"https:\/\/www.facebook.com\/FPSC.CTAC\" \/>\n<meta property=\"article:modified_time\" content=\"2024-07-15T14:46:24+00:00\" \/>\n<meta name=\"twitter:card\" content=\"summary_large_image\" \/>\n<meta name=\"twitter:site\" content=\"@FoodPSCanada\" \/>\n<meta name=\"twitter:label1\" content=\"Dur\u00e9e de lecture estim\u00e9e\" \/>\n\t<meta name=\"twitter:data1\" content=\"4 minutes\" \/>\n<script type=\"application\/ld+json\" class=\"yoast-schema-graph\">{\"@context\":\"https:\/\/schema.org\",\"@graph\":[{\"@type\":\"WebPage\",\"@id\":\"https:\/\/swpp-fpsc.com\/for-students\/\",\"url\":\"https:\/\/swpp-fpsc.com\/for-students\/\",\"name\":\"Pour les \u00e9tudiants - For the Love of Skills\",\"isPartOf\":{\"@id\":\"https:\/\/swpp-fpsc.com\/#website\"},\"datePublished\":\"2021-10-22T23:36:36+00:00\",\"dateModified\":\"2024-07-15T14:46:24+00:00\",\"breadcrumb\":{\"@id\":\"https:\/\/swpp-fpsc.com\/for-students\/#breadcrumb\"},\"inLanguage\":\"fr-FR\",\"potentialAction\":[{\"@type\":\"ReadAction\",\"target\":[\"https:\/\/swpp-fpsc.com\/for-students\/\"]}]},{\"@type\":\"BreadcrumbList\",\"@id\":\"https:\/\/swpp-fpsc.com\/for-students\/#breadcrumb\",\"itemListElement\":[{\"@type\":\"ListItem\",\"position\":1,\"name\":\"Home\",\"item\":\"https:\/\/swpp-fpsc.com\/fr\/\"},{\"@type\":\"ListItem\",\"position\":2,\"name\":\"Pour les \u00e9tudiants\"}]},{\"@type\":\"WebSite\",\"@id\":\"https:\/\/swpp-fpsc.com\/#website\",\"url\":\"https:\/\/swpp-fpsc.com\/\",\"name\":\"FSPC - SWPP+\",\"description\":\"For the Love of Skills\",\"publisher\":{\"@id\":\"https:\/\/swpp-fpsc.com\/#organization\"},\"potentialAction\":[{\"@type\":\"SearchAction\",\"target\":{\"@type\":\"EntryPoint\",\"urlTemplate\":\"https:\/\/swpp-fpsc.com\/?s={search_term_string}\"},\"query-input\":{\"@type\":\"PropertyValueSpecification\",\"valueRequired\":true,\"valueName\":\"search_term_string\"}}],\"inLanguage\":\"fr-FR\"},{\"@type\":\"Organization\",\"@id\":\"https:\/\/swpp-fpsc.com\/#organization\",\"name\":\"FSPC - SWPP+\",\"url\":\"https:\/\/swpp-fpsc.com\/\",\"logo\":{\"@type\":\"ImageObject\",\"inLanguage\":\"fr-FR\",\"@id\":\"https:\/\/swpp-fpsc.com\/#\/schema\/logo\/image\/\",\"url\":\"https:\/\/swpp-fpsc.com\/wp-content\/uploads\/2022\/05\/cropped-cropped-SWPP-logo-RED.png\",\"contentUrl\":\"https:\/\/swpp-fpsc.com\/wp-content\/uploads\/2022\/05\/cropped-cropped-SWPP-logo-RED.png\",\"width\":245,\"height\":342,\"caption\":\"FSPC - SWPP+\"},\"image\":{\"@id\":\"https:\/\/swpp-fpsc.com\/#\/schema\/logo\/image\/\"},\"sameAs\":[\"https:\/\/www.facebook.com\/FPSC.CTAC\",\"https:\/\/x.com\/FoodPSCanada\",\"https:\/\/ca.linkedin.com\/company\/food-processing-hr-council\",\"https:\/\/www.instagram.com\/food_processing_skills_canada\/\",\"https:\/\/www.youtube.com\/user\/FPHRC\"]}]}<\/script>\n<!-- \/ Yoast SEO plugin. -->","yoast_head_json":{"title":"Pour les \u00e9tudiants - For the Love of Skills","robots":{"index":"index","follow":"follow","max-snippet":"max-snippet:-1","max-image-preview":"max-image-preview:large","max-video-preview":"max-video-preview:-1"},"canonical":"https:\/\/swpp-fpsc.com\/for-students\/","og_locale":"fr_FR","og_type":"article","og_title":"Pour les \u00e9tudiants - For the Love of Skills","og_description":"Vous \u00eates \u00e9tudiant et vous r\u00e9fl\u00e9chissez \u00e0 votre carri\u00e8re? Vous planifiez votre avenir? Permettez-nous de vous pr\u00e9senter les offres absolument incroyables de l\u2019industrie canadienne des aliments et des boissons. Et ce qui est encore plus incroyable, c\u2019est la panoplie de professions qu\u2019on y trouve : scientifiques de l\u2019alimentation, d\u00e9veloppeurs de produits, m\u00e9tiers sp\u00e9cialis\u00e9s, sp\u00e9cialistes de ... Lire la suite","og_url":"https:\/\/swpp-fpsc.com\/for-students\/","og_site_name":"FSPC - SWPP+","article_publisher":"https:\/\/www.facebook.com\/FPSC.CTAC","article_modified_time":"2024-07-15T14:46:24+00:00","twitter_card":"summary_large_image","twitter_site":"@FoodPSCanada","twitter_misc":{"Dur\u00e9e de lecture estim\u00e9e":"4 minutes"},"schema":{"@context":"https:\/\/schema.org","@graph":[{"@type":"WebPage","@id":"https:\/\/swpp-fpsc.com\/for-students\/","url":"https:\/\/swpp-fpsc.com\/for-students\/","name":"Pour les \u00e9tudiants - For the Love of Skills","isPartOf":{"@id":"https:\/\/swpp-fpsc.com\/#website"},"datePublished":"2021-10-22T23:36:36+00:00","dateModified":"2024-07-15T14:46:24+00:00","breadcrumb":{"@id":"https:\/\/swpp-fpsc.com\/for-students\/#breadcrumb"},"inLanguage":"fr-FR","potentialAction":[{"@type":"ReadAction","target":["https:\/\/swpp-fpsc.com\/for-students\/"]}]},{"@type":"BreadcrumbList","@id":"https:\/\/swpp-fpsc.com\/for-students\/#breadcrumb","itemListElement":[{"@type":"ListItem","position":1,"name":"Home","item":"https:\/\/swpp-fpsc.com\/fr\/"},{"@type":"ListItem","position":2,"name":"Pour les \u00e9tudiants"}]},{"@type":"WebSite","@id":"https:\/\/swpp-fpsc.com\/#website","url":"https:\/\/swpp-fpsc.com\/","name":"FSPC - SWPP+","description":"For the Love of Skills","publisher":{"@id":"https:\/\/swpp-fpsc.com\/#organization"},"potentialAction":[{"@type":"SearchAction","target":{"@type":"EntryPoint","urlTemplate":"https:\/\/swpp-fpsc.com\/?s={search_term_string}"},"query-input":{"@type":"PropertyValueSpecification","valueRequired":true,"valueName":"search_term_string"}}],"inLanguage":"fr-FR"},{"@type":"Organization","@id":"https:\/\/swpp-fpsc.com\/#organization","name":"FSPC - SWPP+","url":"https:\/\/swpp-fpsc.com\/","logo":{"@type":"ImageObject","inLanguage":"fr-FR","@id":"https:\/\/swpp-fpsc.com\/#\/schema\/logo\/image\/","url":"https:\/\/swpp-fpsc.com\/wp-content\/uploads\/2022\/05\/cropped-cropped-SWPP-logo-RED.png","contentUrl":"https:\/\/swpp-fpsc.com\/wp-content\/uploads\/2022\/05\/cropped-cropped-SWPP-logo-RED.png","width":245,"height":342,"caption":"FSPC - SWPP+"},"image":{"@id":"https:\/\/swpp-fpsc.com\/#\/schema\/logo\/image\/"},"sameAs":["https:\/\/www.facebook.com\/FPSC.CTAC","https:\/\/x.com\/FoodPSCanada","https:\/\/ca.linkedin.com\/company\/food-processing-hr-council","https:\/\/www.instagram.com\/food_processing_skills_canada\/","https:\/\/www.youtube.com\/user\/FPHRC"]}]}},"jetpack_sharing_enabled":true,"_links":{"self":[{"href":"https:\/\/swpp-fpsc.com\/fr\/wp-json\/wp\/v2\/pages\/1717","targetHints":{"allow":["GET"]}}],"collection":[{"href":"https:\/\/swpp-fpsc.com\/fr\/wp-json\/wp\/v2\/pages"}],"about":[{"href":"https:\/\/swpp-fpsc.com\/fr\/wp-json\/wp\/v2\/types\/page"}],"author":[{"embeddable":true,"href":"https:\/\/swpp-fpsc.com\/fr\/wp-json\/wp\/v2\/users\/2"}],"replies":[{"embeddable":true,"href":"https:\/\/swpp-fpsc.com\/fr\/wp-json\/wp\/v2\/comments?post=1717"}],"version-history":[{"count":7,"href":"https:\/\/swpp-fpsc.com\/fr\/wp-json\/wp\/v2\/pages\/1717\/revisions"}],"predecessor-version":[{"id":3276,"href":"https:\/\/swpp-fpsc.com\/fr\/wp-json\/wp\/v2\/pages\/1717\/revisions\/3276"}],"wp:attachment":[{"href":"https:\/\/swpp-fpsc.com\/fr\/wp-json\/wp\/v2\/media?parent=1717"}],"curies":[{"name":"wp","href":"https:\/\/api.w.org\/{rel}","templated":true}]}}