{"id":1700,"date":"2021-10-22T22:15:14","date_gmt":"2021-10-22T22:15:14","guid":{"rendered":"http:\/\/new.swpp-fpsc.com\/contactez-nous\/"},"modified":"2023-03-27T18:08:24","modified_gmt":"2023-03-27T18:08:24","slug":"contactez-nous","status":"publish","type":"page","link":"https:\/\/swpp-fpsc.com\/fr\/contactez-nous\/","title":{"rendered":"CONTACTEZ-NOUS"},"content":{"rendered":"\t\t<div data-elementor-type=\"wp-page\" data-elementor-id=\"1700\" class=\"elementor elementor-1700 elementor-462\" data-elementor-post-type=\"page\">\n\t\t\t\t\t\t<section class=\"has_eae_slider elementor-section elementor-top-section elementor-element elementor-element-1c8be2c elementor-section-height-min-height elementor-section-boxed elementor-section-height-default elementor-section-items-middle\" data-eae-slider=\"15237\" data-id=\"1c8be2c\" data-element_type=\"section\" data-e-type=\"section\" data-settings=\"{&quot;background_background&quot;:&quot;classic&quot;}\">\n\t\t\t\t\t\t\t<div class=\"elementor-background-overlay\"><\/div>\n\t\t\t\t\t\t\t<div class=\"elementor-container elementor-column-gap-default\">\n\t\t\t\t\t<div class=\"has_eae_slider elementor-column elementor-col-50 elementor-top-column elementor-element elementor-element-5a0c948\" data-eae-slider=\"79877\" data-id=\"5a0c948\" data-element_type=\"column\" data-e-type=\"column\">\n\t\t\t<div class=\"elementor-widget-wrap elementor-element-populated\">\n\t\t\t\t\t\t<div class=\"elementor-element elementor-element-b0f502e elementor-widget elementor-widget-heading\" data-id=\"b0f502e\" data-element_type=\"widget\" data-e-type=\"widget\" data-widget_type=\"heading.default\">\n\t\t\t\t<div class=\"elementor-widget-container\">\n\t\t\t\t\t<h2 class=\"elementor-heading-title elementor-size-default\"><b>CONTACTEZ-NOUS<\/b><\/h2>\t\t\t\t<\/div>\n\t\t\t\t<\/div>\n\t\t\t\t\t<\/div>\n\t\t<\/div>\n\t\t\t\t<div class=\"has_eae_slider elementor-column elementor-col-50 elementor-top-column elementor-element elementor-element-00ba703\" data-eae-slider=\"71013\" data-id=\"00ba703\" data-element_type=\"column\" data-e-type=\"column\">\n\t\t\t<div class=\"elementor-widget-wrap\">\n\t\t\t\t\t\t\t<\/div>\n\t\t<\/div>\n\t\t\t\t\t<\/div>\n\t\t<\/section>\n\t\t\t\t<section class=\"has_eae_slider elementor-section elementor-top-section elementor-element elementor-element-086726e elementor-section-boxed elementor-section-height-default elementor-section-height-default\" data-eae-slider=\"95637\" data-id=\"086726e\" data-element_type=\"section\" data-e-type=\"section\">\n\t\t\t\t\t\t<div class=\"elementor-container elementor-column-gap-default\">\n\t\t\t\t\t<div class=\"has_eae_slider elementor-column elementor-col-50 elementor-top-column elementor-element elementor-element-c65d3bd\" data-eae-slider=\"32707\" data-id=\"c65d3bd\" data-element_type=\"column\" data-e-type=\"column\">\n\t\t\t<div class=\"elementor-widget-wrap elementor-element-populated\">\n\t\t\t\t\t\t<section class=\"has_eae_slider elementor-section elementor-inner-section elementor-element elementor-element-8901180 elementor-section-boxed elementor-section-height-default elementor-section-height-default\" data-eae-slider=\"72906\" data-id=\"8901180\" data-element_type=\"section\" data-e-type=\"section\">\n\t\t\t\t\t\t<div class=\"elementor-container elementor-column-gap-default\">\n\t\t\t\t\t<div class=\"has_eae_slider elementor-column elementor-col-100 elementor-inner-column elementor-element elementor-element-3f7b1ad\" data-eae-slider=\"5869\" data-id=\"3f7b1ad\" data-element_type=\"column\" data-e-type=\"column\">\n\t\t\t<div class=\"elementor-widget-wrap elementor-element-populated\">\n\t\t\t\t\t\t<div class=\"elementor-element elementor-element-e14798f elementor-widget elementor-widget-image\" data-id=\"e14798f\" data-element_type=\"widget\" data-e-type=\"widget\" data-widget_type=\"image.default\">\n\t\t\t\t<div class=\"elementor-widget-container\">\n\t\t\t\t\t\t\t\t\t\t\t\t\t\t\t<img decoding=\"async\" src=\"https:\/\/swpp-fpsc.com\/wp-content\/uploads\/elementor\/thumbs\/canada-pc1nh2ag6ybqep6u82i715s8n5tesutig7tuo4xjji.png\" title=\"canada\" alt=\"canada\" loading=\"lazy\" \/>\t\t\t\t\t\t\t\t\t\t\t\t\t\t\t<\/div>\n\t\t\t\t<\/div>\n\t\t\t\t<div class=\"elementor-element elementor-element-52dd675 elementor-widget elementor-widget-heading\" data-id=\"52dd675\" data-element_type=\"widget\" data-e-type=\"widget\" data-widget_type=\"heading.default\">\n\t\t\t\t<div class=\"elementor-widget-container\">\n\t\t\t\t\t<h2 class=\"elementor-heading-title elementor-size-default\"> <b>SWPP+ CTAC <\/b><\/h2>\t\t\t\t<\/div>\n\t\t\t\t<\/div>\n\t\t\t\t<div class=\"elementor-element elementor-element-233f9c2 elementor-widget elementor-widget-text-editor\" data-id=\"233f9c2\" data-element_type=\"widget\" data-e-type=\"widget\" data-widget_type=\"text-editor.default\">\n\t\t\t\t<div class=\"elementor-widget-container\">\n\t\t\t\t\t\t\t\t\t<p><span data-doc-id=\"6664533000002582001\" data-doc-type=\"writer\">Soutien:<br \/><a href=\"mailto:Support@swpp-fpsc.com\" target=\"_blank\" rel=\"noopener\">support@swpp-fpsc.com<\/a><\/span><\/p><p>Gestionnaire de projet :<br \/><b>Camille Paultre<br aria-hidden=\"true\" \/>613.691.9403<br aria-hidden=\"true\" \/><\/b><u><a href=\"mailto:cpaultre@fpsc-ctac.com\" target=\"_blank\" rel=\"noopener noreferrer\" data-auth=\"NotApplicable\" data-safelink=\"true\" data-linkindex=\"2\">cpaultre@fpsc-ctac.com<\/a><\/u><\/p><p><span data-doc-id=\"6664533000002582001\" data-doc-type=\"writer\">Sp\u00e9cialiste de projet :<br \/><strong>Tiffany Gelvez<br \/>613.237.7988<br \/><\/strong><a href=\"mailto:tgelvez@fpsc-ctac.com\">tgelvez@fpsc-ctac.com<\/a><\/span><\/p><p>Repr\u00e9sentant, Sensibilisation nationale (langue fran\u00e7aise) :<br \/><strong>Maurice Morin<br \/><\/strong><strong>819.833.2444<\/strong><br \/><a class=\"f_statuslink2\" href=\"mailto:mmorin@fpsc-ctac.com\" target=\"_blank\" rel=\"noopener noreferrer\">mmorin@fpsc-ctac.com<\/a><\/p><div>Gestionnaire, Relation avec la communaut\u00e9 :<br \/><strong>Cynthia Perry<br \/>902.749.7161<\/strong><br \/><a class=\"pointer f_statuslink2\" href=\"mailto:cperry@fpsc-ctac.com\" target=\"_blank\" rel=\"noopener noreferrer\">cperry@fpsc-ctac.com<\/a><\/div><div>\u00a0<\/div><div><span data-doc-id=\"6664533000002582001\" data-doc-type=\"writer\">Directrice ex\u00e9cutive :<br \/><strong>Jennefer Griffith<br \/><\/strong><\/span><strong>613.237.7988 x225<br \/><\/strong><a href=\"mailto:jgriffith@fpsc-ctac.com\">jgriffith@fpsc-ctac.com<\/a><\/div>\t\t\t\t\t\t\t\t<\/div>\n\t\t\t\t<\/div>\n\t\t\t\t\t<\/div>\n\t\t<\/div>\n\t\t\t\t\t<\/div>\n\t\t<\/section>\n\t\t\t\t\t<\/div>\n\t\t<\/div>\n\t\t\t\t<div class=\"has_eae_slider elementor-column elementor-col-50 elementor-top-column elementor-element elementor-element-572cf83\" data-eae-slider=\"20324\" data-id=\"572cf83\" data-element_type=\"column\" data-e-type=\"column\">\n\t\t\t<div class=\"elementor-widget-wrap elementor-element-populated\">\n\t\t\t\t\t\t<div class=\"elementor-element elementor-element-502a76d elementor-button-align-stretch elementor-widget elementor-widget-form\" data-id=\"502a76d\" data-element_type=\"widget\" data-e-type=\"widget\" data-settings=\"{&quot;step_next_label&quot;:&quot;Suivant&quot;,&quot;step_previous_label&quot;:&quot;Pr\\u00e9c\\u00e9dent&quot;,&quot;button_width&quot;:&quot;100&quot;,&quot;step_type&quot;:&quot;number_text&quot;,&quot;step_icon_shape&quot;:&quot;circle&quot;}\" data-widget_type=\"form.default\">\n\t\t\t\t<div class=\"elementor-widget-container\">\n\t\t\t\t\t\t\t<form class=\"elementor-form\" method=\"post\" name=\"Nouvelle forme\" aria-label=\"Nouvelle forme\">\n\t\t\t<input type=\"hidden\" name=\"post_id\" value=\"1700\"\/>\n\t\t\t<input type=\"hidden\" name=\"form_id\" value=\"502a76d\"\/>\n\t\t\t<input type=\"hidden\" name=\"referer_title\" value=\"FSPC &#8211; SWPP+\" \/>\n\n\t\t\t\n\t\t\t<div class=\"elementor-form-fields-wrapper elementor-labels-above\">\n\t\t\t\t\t\t\t\t<div class=\"elementor-field-type-text elementor-field-group elementor-column elementor-field-group-name elementor-col-100 elementor-field-required elementor-mark-required\">\n\t\t\t\t\t\t\t\t\t\t\t\t<label for=\"form-field-name\" class=\"elementor-field-label\">\n\t\t\t\t\t\t\t\tNom\t\t\t\t\t\t\t<\/label>\n\t\t\t\t\t\t\t\t\t\t\t\t\t\t<input size=\"1\" type=\"text\" name=\"form_fields[name]\" id=\"form-field-name\" class=\"elementor-field elementor-size-md  elementor-field-textual\" placeholder=\"Nom\" required=\"required\">\n\t\t\t\t\t\t\t\t\t\t\t<\/div>\n\t\t\t\t\t\t\t\t<div class=\"elementor-field-type-text elementor-field-group elementor-column elementor-field-group-field_d45d527 elementor-col-100 elementor-field-required elementor-mark-required\">\n\t\t\t\t\t\t\t\t\t\t\t\t<label for=\"form-field-field_d45d527\" class=\"elementor-field-label\">\n\t\t\t\t\t\t\t\tSoci\u00e9t\u00e9 \t\t\t\t\t\t\t<\/label>\n\t\t\t\t\t\t\t\t\t\t\t\t\t\t<input size=\"1\" type=\"text\" name=\"form_fields[field_d45d527]\" id=\"form-field-field_d45d527\" class=\"elementor-field elementor-size-md  elementor-field-textual\" placeholder=\"Soci\u00e9t\u00e9\" required=\"required\">\n\t\t\t\t\t\t\t\t\t\t\t<\/div>\n\t\t\t\t\t\t\t\t<div class=\"elementor-field-type-email elementor-field-group elementor-column elementor-field-group-email elementor-col-100 elementor-field-required elementor-mark-required\">\n\t\t\t\t\t\t\t\t\t\t\t\t<label for=\"form-field-email\" class=\"elementor-field-label\">\n\t\t\t\t\t\t\t\tCourriel\t\t\t\t\t\t\t<\/label>\n\t\t\t\t\t\t\t\t\t\t\t\t\t\t<input size=\"1\" type=\"email\" name=\"form_fields[email]\" id=\"form-field-email\" class=\"elementor-field elementor-size-md  elementor-field-textual\" placeholder=\"Courriel\" required=\"required\">\n\t\t\t\t\t\t\t\t\t\t\t<\/div>\n\t\t\t\t\t\t\t\t<div class=\"elementor-field-type-tel elementor-field-group elementor-column elementor-field-group-field_b774ff5 elementor-col-100\">\n\t\t\t\t\t\t\t\t\t\t\t\t<label for=\"form-field-field_b774ff5\" class=\"elementor-field-label\">\n\t\t\t\t\t\t\t\tT\u00e9l\u00e9phone :\t\t\t\t\t\t\t<\/label>\n\t\t\t\t\t\t\t\t<input size=\"1\" type=\"tel\" name=\"form_fields[field_b774ff5]\" id=\"form-field-field_b774ff5\" class=\"elementor-field elementor-size-md  elementor-field-textual\" placeholder=\"p. ex. : 555 555 5555\" pattern=\"[0-9()#&amp;+*-=.]+\" title=\"Seuls les caract\u00e8res de num\u00e9ros de t\u00e9l\u00e9phone (#, -, *, etc.) sont accept\u00e9s.\">\n\n\t\t\t\t\t\t<\/div>\n\t\t\t\t\t\t\t\t<div class=\"elementor-field-type-textarea elementor-field-group elementor-column elementor-field-group-message elementor-col-100 elementor-field-required elementor-mark-required\">\n\t\t\t\t\t\t\t\t\t\t\t\t<label for=\"form-field-message\" class=\"elementor-field-label\">\n\t\t\t\t\t\t\t\tMessage\t\t\t\t\t\t\t<\/label>\n\t\t\t\t\t\t<textarea class=\"elementor-field-textual elementor-field  elementor-size-md\" name=\"form_fields[message]\" id=\"form-field-message\" rows=\"4\" placeholder=\"Message\" required=\"required\"><\/textarea>\t\t\t\t<\/div>\n\t\t\t\t\t\t\t\t<div class=\"elementor-field-group elementor-column elementor-field-type-submit elementor-col-100 e-form__buttons\">\n\t\t\t\t\t<button class=\"elementor-button elementor-size-md\" type=\"submit\">\n\t\t\t\t\t\t<span class=\"elementor-button-content-wrapper\">\n\t\t\t\t\t\t\t\t\t\t\t\t\t\t\t\t\t\t\t\t\t\t<span class=\"elementor-button-text\">ENVOYER<\/span>\n\t\t\t\t\t\t\t\t\t\t\t\t\t<\/span>\n\t\t\t\t\t<\/button>\n\t\t\t\t<\/div>\n\t\t\t<\/div>\n\t\t<\/form>\n\t\t\t\t\t\t<\/div>\n\t\t\t\t<\/div>\n\t\t\t\t\t<\/div>\n\t\t<\/div>\n\t\t\t\t\t<\/div>\n\t\t<\/section>\n\t\t\t\t<\/div>\n\t\t","protected":false},"excerpt":{"rendered":"<p>CONTACTEZ-NOUS SWPP+ CTAC Soutien:support@swpp-fpsc.com Gestionnaire de projet :Camille Paultre613.691.9403cpaultre@fpsc-ctac.com Sp\u00e9cialiste de projet :Tiffany Gelvez613.237.7988tgelvez@fpsc-ctac.com Repr\u00e9sentant, Sensibilisation nationale (langue fran\u00e7aise) :Maurice Morin819.833.2444mmorin@fpsc-ctac.com Gestionnaire, Relation avec la communaut\u00e9 :Cynthia Perry902.749.7161cperry@fpsc-ctac.com\u00a0Directrice ex\u00e9cutive :Jennefer Griffith613.237.7988 x225jgriffith@fpsc-ctac.com<\/p>\n","protected":false},"author":2,"featured_media":0,"parent":0,"menu_order":0,"comment_status":"closed","ping_status":"closed","template":"","meta":{"content-type":"","footnotes":""},"class_list":["post-1700","page","type-page","status-publish"],"yoast_head":"<!-- This site is optimized with the Yoast SEO plugin v27.1.1 - https:\/\/yoast.com\/product\/yoast-seo-wordpress\/ -->\n<title>CONTACTEZ-NOUS - For the Love of Skills<\/title>\n<meta name=\"robots\" content=\"index, follow, max-snippet:-1, max-image-preview:large, max-video-preview:-1\" \/>\n<link rel=\"canonical\" href=\"https:\/\/swpp-fpsc.com\/fr\/contactez-nous\/\" \/>\n<meta property=\"og:locale\" content=\"fr_FR\" \/>\n<meta property=\"og:type\" content=\"article\" \/>\n<meta property=\"og:title\" content=\"CONTACTEZ-NOUS - For the Love of Skills\" \/>\n<meta property=\"og:description\" content=\"CONTACTEZ-NOUS SWPP+ CTAC Soutien:support@swpp-fpsc.com Gestionnaire de projet :Camille Paultre613.691.9403cpaultre@fpsc-ctac.com Sp\u00e9cialiste de projet :Tiffany Gelvez613.237.7988tgelvez@fpsc-ctac.com Repr\u00e9sentant, Sensibilisation nationale (langue fran\u00e7aise) :Maurice Morin819.833.2444mmorin@fpsc-ctac.com Gestionnaire, Relation avec la communaut\u00e9 :Cynthia Perry902.749.7161cperry@fpsc-ctac.com\u00a0Directrice ex\u00e9cutive :Jennefer Griffith613.237.7988 x225jgriffith@fpsc-ctac.com\" \/>\n<meta property=\"og:url\" content=\"https:\/\/swpp-fpsc.com\/fr\/contactez-nous\/\" \/>\n<meta property=\"og:site_name\" content=\"FSPC - SWPP+\" \/>\n<meta property=\"article:publisher\" content=\"https:\/\/www.facebook.com\/FPSC.CTAC\" \/>\n<meta property=\"article:modified_time\" content=\"2023-03-27T18:08:24+00:00\" \/>\n<meta property=\"og:image\" content=\"https:\/\/swpp-fpsc.com\/wp-content\/uploads\/elementor\/thumbs\/canada-pc1nh2ag6ybqep6u82i715s8n5tesutig7tuo4xjji.png\" \/>\n<meta name=\"twitter:card\" content=\"summary_large_image\" \/>\n<meta name=\"twitter:site\" content=\"@FoodPSCanada\" \/>\n<script type=\"application\/ld+json\" class=\"yoast-schema-graph\">{\"@context\":\"https:\/\/schema.org\",\"@graph\":[{\"@type\":\"WebPage\",\"@id\":\"https:\/\/swpp-fpsc.com\/fr\/contactez-nous\/\",\"url\":\"https:\/\/swpp-fpsc.com\/fr\/contactez-nous\/\",\"name\":\"CONTACTEZ-NOUS - For the Love of Skills\",\"isPartOf\":{\"@id\":\"https:\/\/swpp-fpsc.com\/#website\"},\"primaryImageOfPage\":{\"@id\":\"https:\/\/swpp-fpsc.com\/fr\/contactez-nous\/#primaryimage\"},\"image\":{\"@id\":\"https:\/\/swpp-fpsc.com\/fr\/contactez-nous\/#primaryimage\"},\"thumbnailUrl\":\"https:\/\/swpp-fpsc.com\/wp-content\/uploads\/elementor\/thumbs\/canada-pc1nh2ag6ybqep6u82i715s8n5tesutig7tuo4xjji.png\",\"datePublished\":\"2021-10-22T22:15:14+00:00\",\"dateModified\":\"2023-03-27T18:08:24+00:00\",\"breadcrumb\":{\"@id\":\"https:\/\/swpp-fpsc.com\/fr\/contactez-nous\/#breadcrumb\"},\"inLanguage\":\"fr-FR\",\"potentialAction\":[{\"@type\":\"ReadAction\",\"target\":[\"https:\/\/swpp-fpsc.com\/fr\/contactez-nous\/\"]}]},{\"@type\":\"ImageObject\",\"inLanguage\":\"fr-FR\",\"@id\":\"https:\/\/swpp-fpsc.com\/fr\/contactez-nous\/#primaryimage\",\"url\":\"https:\/\/swpp-fpsc.com\/wp-content\/uploads\/elementor\/thumbs\/canada-pc1nh2ag6ybqep6u82i715s8n5tesutig7tuo4xjji.png\",\"contentUrl\":\"https:\/\/swpp-fpsc.com\/wp-content\/uploads\/elementor\/thumbs\/canada-pc1nh2ag6ybqep6u82i715s8n5tesutig7tuo4xjji.png\"},{\"@type\":\"BreadcrumbList\",\"@id\":\"https:\/\/swpp-fpsc.com\/fr\/contactez-nous\/#breadcrumb\",\"itemListElement\":[{\"@type\":\"ListItem\",\"position\":1,\"name\":\"Home\",\"item\":\"https:\/\/swpp-fpsc.com\/fr\/\"},{\"@type\":\"ListItem\",\"position\":2,\"name\":\"CONTACTEZ-NOUS\"}]},{\"@type\":\"WebSite\",\"@id\":\"https:\/\/swpp-fpsc.com\/#website\",\"url\":\"https:\/\/swpp-fpsc.com\/\",\"name\":\"FSPC - SWPP+\",\"description\":\"For the Love of Skills\",\"publisher\":{\"@id\":\"https:\/\/swpp-fpsc.com\/#organization\"},\"potentialAction\":[{\"@type\":\"SearchAction\",\"target\":{\"@type\":\"EntryPoint\",\"urlTemplate\":\"https:\/\/swpp-fpsc.com\/?s={search_term_string}\"},\"query-input\":{\"@type\":\"PropertyValueSpecification\",\"valueRequired\":true,\"valueName\":\"search_term_string\"}}],\"inLanguage\":\"fr-FR\"},{\"@type\":\"Organization\",\"@id\":\"https:\/\/swpp-fpsc.com\/#organization\",\"name\":\"FSPC - SWPP+\",\"url\":\"https:\/\/swpp-fpsc.com\/\",\"logo\":{\"@type\":\"ImageObject\",\"inLanguage\":\"fr-FR\",\"@id\":\"https:\/\/swpp-fpsc.com\/#\/schema\/logo\/image\/\",\"url\":\"https:\/\/swpp-fpsc.com\/wp-content\/uploads\/2022\/05\/cropped-cropped-SWPP-logo-RED.png\",\"contentUrl\":\"https:\/\/swpp-fpsc.com\/wp-content\/uploads\/2022\/05\/cropped-cropped-SWPP-logo-RED.png\",\"width\":245,\"height\":342,\"caption\":\"FSPC - SWPP+\"},\"image\":{\"@id\":\"https:\/\/swpp-fpsc.com\/#\/schema\/logo\/image\/\"},\"sameAs\":[\"https:\/\/www.facebook.com\/FPSC.CTAC\",\"https:\/\/x.com\/FoodPSCanada\",\"https:\/\/ca.linkedin.com\/company\/food-processing-hr-council\",\"https:\/\/www.instagram.com\/food_processing_skills_canada\/\",\"https:\/\/www.youtube.com\/user\/FPHRC\"]}]}<\/script>\n<!-- \/ Yoast SEO plugin. -->","yoast_head_json":{"title":"CONTACTEZ-NOUS - For the Love of Skills","robots":{"index":"index","follow":"follow","max-snippet":"max-snippet:-1","max-image-preview":"max-image-preview:large","max-video-preview":"max-video-preview:-1"},"canonical":"https:\/\/swpp-fpsc.com\/fr\/contactez-nous\/","og_locale":"fr_FR","og_type":"article","og_title":"CONTACTEZ-NOUS - For the Love of Skills","og_description":"CONTACTEZ-NOUS SWPP+ CTAC Soutien:support@swpp-fpsc.com Gestionnaire de projet :Camille Paultre613.691.9403cpaultre@fpsc-ctac.com Sp\u00e9cialiste de projet :Tiffany Gelvez613.237.7988tgelvez@fpsc-ctac.com Repr\u00e9sentant, Sensibilisation nationale (langue fran\u00e7aise) :Maurice Morin819.833.2444mmorin@fpsc-ctac.com Gestionnaire, Relation avec la communaut\u00e9 :Cynthia Perry902.749.7161cperry@fpsc-ctac.com\u00a0Directrice ex\u00e9cutive :Jennefer Griffith613.237.7988 x225jgriffith@fpsc-ctac.com","og_url":"https:\/\/swpp-fpsc.com\/fr\/contactez-nous\/","og_site_name":"FSPC - SWPP+","article_publisher":"https:\/\/www.facebook.com\/FPSC.CTAC","article_modified_time":"2023-03-27T18:08:24+00:00","og_image":[{"url":"https:\/\/swpp-fpsc.com\/wp-content\/uploads\/elementor\/thumbs\/canada-pc1nh2ag6ybqep6u82i715s8n5tesutig7tuo4xjji.png","type":"","width":"","height":""}],"twitter_card":"summary_large_image","twitter_site":"@FoodPSCanada","schema":{"@context":"https:\/\/schema.org","@graph":[{"@type":"WebPage","@id":"https:\/\/swpp-fpsc.com\/fr\/contactez-nous\/","url":"https:\/\/swpp-fpsc.com\/fr\/contactez-nous\/","name":"CONTACTEZ-NOUS - For the Love of Skills","isPartOf":{"@id":"https:\/\/swpp-fpsc.com\/#website"},"primaryImageOfPage":{"@id":"https:\/\/swpp-fpsc.com\/fr\/contactez-nous\/#primaryimage"},"image":{"@id":"https:\/\/swpp-fpsc.com\/fr\/contactez-nous\/#primaryimage"},"thumbnailUrl":"https:\/\/swpp-fpsc.com\/wp-content\/uploads\/elementor\/thumbs\/canada-pc1nh2ag6ybqep6u82i715s8n5tesutig7tuo4xjji.png","datePublished":"2021-10-22T22:15:14+00:00","dateModified":"2023-03-27T18:08:24+00:00","breadcrumb":{"@id":"https:\/\/swpp-fpsc.com\/fr\/contactez-nous\/#breadcrumb"},"inLanguage":"fr-FR","potentialAction":[{"@type":"ReadAction","target":["https:\/\/swpp-fpsc.com\/fr\/contactez-nous\/"]}]},{"@type":"ImageObject","inLanguage":"fr-FR","@id":"https:\/\/swpp-fpsc.com\/fr\/contactez-nous\/#primaryimage","url":"https:\/\/swpp-fpsc.com\/wp-content\/uploads\/elementor\/thumbs\/canada-pc1nh2ag6ybqep6u82i715s8n5tesutig7tuo4xjji.png","contentUrl":"https:\/\/swpp-fpsc.com\/wp-content\/uploads\/elementor\/thumbs\/canada-pc1nh2ag6ybqep6u82i715s8n5tesutig7tuo4xjji.png"},{"@type":"BreadcrumbList","@id":"https:\/\/swpp-fpsc.com\/fr\/contactez-nous\/#breadcrumb","itemListElement":[{"@type":"ListItem","position":1,"name":"Home","item":"https:\/\/swpp-fpsc.com\/fr\/"},{"@type":"ListItem","position":2,"name":"CONTACTEZ-NOUS"}]},{"@type":"WebSite","@id":"https:\/\/swpp-fpsc.com\/#website","url":"https:\/\/swpp-fpsc.com\/","name":"FSPC - SWPP+","description":"For the Love of Skills","publisher":{"@id":"https:\/\/swpp-fpsc.com\/#organization"},"potentialAction":[{"@type":"SearchAction","target":{"@type":"EntryPoint","urlTemplate":"https:\/\/swpp-fpsc.com\/?s={search_term_string}"},"query-input":{"@type":"PropertyValueSpecification","valueRequired":true,"valueName":"search_term_string"}}],"inLanguage":"fr-FR"},{"@type":"Organization","@id":"https:\/\/swpp-fpsc.com\/#organization","name":"FSPC - SWPP+","url":"https:\/\/swpp-fpsc.com\/","logo":{"@type":"ImageObject","inLanguage":"fr-FR","@id":"https:\/\/swpp-fpsc.com\/#\/schema\/logo\/image\/","url":"https:\/\/swpp-fpsc.com\/wp-content\/uploads\/2022\/05\/cropped-cropped-SWPP-logo-RED.png","contentUrl":"https:\/\/swpp-fpsc.com\/wp-content\/uploads\/2022\/05\/cropped-cropped-SWPP-logo-RED.png","width":245,"height":342,"caption":"FSPC - SWPP+"},"image":{"@id":"https:\/\/swpp-fpsc.com\/#\/schema\/logo\/image\/"},"sameAs":["https:\/\/www.facebook.com\/FPSC.CTAC","https:\/\/x.com\/FoodPSCanada","https:\/\/ca.linkedin.com\/company\/food-processing-hr-council","https:\/\/www.instagram.com\/food_processing_skills_canada\/","https:\/\/www.youtube.com\/user\/FPHRC"]}]}},"jetpack_sharing_enabled":true,"_links":{"self":[{"href":"https:\/\/swpp-fpsc.com\/fr\/wp-json\/wp\/v2\/pages\/1700","targetHints":{"allow":["GET"]}}],"collection":[{"href":"https:\/\/swpp-fpsc.com\/fr\/wp-json\/wp\/v2\/pages"}],"about":[{"href":"https:\/\/swpp-fpsc.com\/fr\/wp-json\/wp\/v2\/types\/page"}],"author":[{"embeddable":true,"href":"https:\/\/swpp-fpsc.com\/fr\/wp-json\/wp\/v2\/users\/2"}],"replies":[{"embeddable":true,"href":"https:\/\/swpp-fpsc.com\/fr\/wp-json\/wp\/v2\/comments?post=1700"}],"version-history":[{"count":43,"href":"https:\/\/swpp-fpsc.com\/fr\/wp-json\/wp\/v2\/pages\/1700\/revisions"}],"predecessor-version":[{"id":3073,"href":"https:\/\/swpp-fpsc.com\/fr\/wp-json\/wp\/v2\/pages\/1700\/revisions\/3073"}],"wp:attachment":[{"href":"https:\/\/swpp-fpsc.com\/fr\/wp-json\/wp\/v2\/media?parent=1700"}],"curies":[{"name":"wp","href":"https:\/\/api.w.org\/{rel}","templated":true}]}}