{"id":1696,"date":"2021-10-22T22:03:08","date_gmt":"2021-10-22T22:03:08","guid":{"rendered":"http:\/\/new.swpp-fpsc.com\/competences-transformation-alimentaire-canada\/"},"modified":"2021-10-22T23:54:07","modified_gmt":"2021-10-22T23:54:07","slug":"competences-transformation-alimentaire-canada","status":"publish","type":"page","link":"https:\/\/swpp-fpsc.com\/fr\/competences-transformation-alimentaire-canada\/","title":{"rendered":"Comp\u00e9tences Transformation Alimentaire Canada"},"content":{"rendered":"\t\t<div data-elementor-type=\"wp-page\" data-elementor-id=\"1696\" class=\"elementor elementor-1696 elementor-739\" data-elementor-post-type=\"page\">\n\t\t\t\t\t\t<section class=\"has_eae_slider elementor-section elementor-top-section elementor-element elementor-element-1c8be2c elementor-section-height-min-height elementor-section-boxed elementor-section-height-default elementor-section-items-middle\" data-eae-slider=\"92167\" data-id=\"1c8be2c\" data-element_type=\"section\" data-e-type=\"section\" data-settings=\"{&quot;background_background&quot;:&quot;classic&quot;}\">\n\t\t\t\t\t\t\t<div class=\"elementor-background-overlay\"><\/div>\n\t\t\t\t\t\t\t<div class=\"elementor-container elementor-column-gap-default\">\n\t\t\t\t\t<div class=\"has_eae_slider elementor-column elementor-col-50 elementor-top-column elementor-element elementor-element-5a0c948\" data-eae-slider=\"50280\" data-id=\"5a0c948\" data-element_type=\"column\" data-e-type=\"column\">\n\t\t\t<div class=\"elementor-widget-wrap elementor-element-populated\">\n\t\t\t\t\t\t<div class=\"elementor-element elementor-element-b0f502e elementor-widget elementor-widget-heading\" data-id=\"b0f502e\" data-element_type=\"widget\" data-e-type=\"widget\" data-widget_type=\"heading.default\">\n\t\t\t\t<div class=\"elementor-widget-container\">\n\t\t\t\t\t<h2 class=\"elementor-heading-title elementor-size-default\">Comp\u00e9tences Transformation \n<b>Alimentaire Canada<\/b><\/h2>\t\t\t\t<\/div>\n\t\t\t\t<\/div>\n\t\t\t\t\t<\/div>\n\t\t<\/div>\n\t\t\t\t<div class=\"has_eae_slider elementor-column elementor-col-50 elementor-top-column elementor-element elementor-element-00ba703\" data-eae-slider=\"40830\" data-id=\"00ba703\" data-element_type=\"column\" data-e-type=\"column\">\n\t\t\t<div class=\"elementor-widget-wrap\">\n\t\t\t\t\t\t\t<\/div>\n\t\t<\/div>\n\t\t\t\t\t<\/div>\n\t\t<\/section>\n\t\t\t\t<section class=\"has_eae_slider elementor-section elementor-top-section elementor-element elementor-element-462b211 elementor-section-boxed elementor-section-height-default elementor-section-height-default\" data-eae-slider=\"59337\" data-id=\"462b211\" data-element_type=\"section\" data-e-type=\"section\" data-settings=\"{&quot;background_background&quot;:&quot;classic&quot;}\">\n\t\t\t\t\t\t<div class=\"elementor-container elementor-column-gap-default\">\n\t\t\t\t\t\t<\/div>\n\t\t<\/section>\n\t\t\t\t<section class=\"has_eae_slider elementor-section elementor-top-section elementor-element elementor-element-98e469a elementor-section-boxed elementor-section-height-default elementor-section-height-default\" data-eae-slider=\"68689\" data-id=\"98e469a\" data-element_type=\"section\" data-e-type=\"section\" data-settings=\"{&quot;background_background&quot;:&quot;classic&quot;}\">\n\t\t\t\t\t\t<div class=\"elementor-container elementor-column-gap-no\">\n\t\t\t\t\t<div class=\"has_eae_slider elementor-column elementor-col-100 elementor-top-column elementor-element elementor-element-3e5fc76\" data-eae-slider=\"41721\" data-id=\"3e5fc76\" data-element_type=\"column\" data-e-type=\"column\" data-settings=\"{&quot;background_background&quot;:&quot;classic&quot;}\">\n\t\t\t<div class=\"elementor-widget-wrap elementor-element-populated\">\n\t\t\t\t\t\t<div class=\"elementor-element elementor-element-678b478 elementor-widget elementor-widget-text-editor\" data-id=\"678b478\" data-element_type=\"widget\" data-e-type=\"widget\" data-widget_type=\"text-editor.default\">\n\t\t\t\t<div class=\"elementor-widget-container\">\n\t\t\t\t\t\t\t\t\t<h4 class=\"zw-paragraph\" data-textformat=\"{\" data-margin-bottom=\"0pt\" data-line-height=\"1\" data-doc-id=\"6664533000002598001\" data-doc-type=\"writer\">Comp\u00e9tences Transformation Alimentaire Canada est l\u2019organisation de d\u00e9veloppement de la main-d\u2019\u0153uvre de l\u2019industrie de la transformation des aliments et des boissons. Notre raison d\u2019\u00eatre : <b>appuyer les gens en leur proposant du d\u00e9veloppement de comp\u00e9tences et de la formation de tr\u00e8s grande qualit\u00e9 pour occuper un r\u00f4le dans l\u2019industrie canadienne de la transformation des aliments et des boissons.<\/b><\/h4>\n\t\t\t\t\t\t\t\t<\/div>\n\t\t\t\t<\/div>\n\t\t\t\t\t<\/div>\n\t\t<\/div>\n\t\t\t\t\t<\/div>\n\t\t<\/section>\n\t\t\t\t<section class=\"has_eae_slider elementor-section elementor-top-section elementor-element elementor-element-aab9541 elementor-section-content-middle elementor-section-boxed elementor-section-height-default elementor-section-height-default\" data-eae-slider=\"95004\" data-id=\"aab9541\" data-element_type=\"section\" data-e-type=\"section\">\n\t\t\t\t\t\t<div class=\"elementor-container elementor-column-gap-default\">\n\t\t\t\t\t<div class=\"has_eae_slider elementor-column elementor-col-50 elementor-top-column elementor-element elementor-element-e54a178\" data-eae-slider=\"58414\" data-id=\"e54a178\" data-element_type=\"column\" data-e-type=\"column\">\n\t\t\t<div class=\"elementor-widget-wrap elementor-element-populated\">\n\t\t\t\t\t\t<div class=\"elementor-element elementor-element-dd71dc3 elementor-widget elementor-widget-heading\" data-id=\"dd71dc3\" data-element_type=\"widget\" data-e-type=\"widget\" data-widget_type=\"heading.default\">\n\t\t\t\t<div class=\"elementor-widget-container\">\n\t\t\t\t\t<h2 class=\"elementor-heading-title elementor-size-default\">Comme organisme sans but lucratif \u00e9tabli \u00e0 Ottawa ayant des repr\u00e9sentants partout au Canada, ce que nous faisons se r\u00e9percute directement et positivement sur l'attraction de talent, le maintien en poste des travilleurs et la culture d'emploi de l'industrie. <\/h2>\t\t\t\t<\/div>\n\t\t\t\t<\/div>\n\t\t\t\t<div class=\"elementor-element elementor-element-2cf6984 elementor-widget elementor-widget-text-editor\" data-id=\"2cf6984\" data-element_type=\"widget\" data-e-type=\"widget\" data-widget_type=\"text-editor.default\">\n\t\t\t\t<div class=\"elementor-widget-container\">\n\t\t\t\t\t\t\t\t\t<p><span data-doc-id=\"6664533000002598001\" data-doc-type=\"writer\">Nous sommes r\u00e9solus \u00e0 aider l\u2019industrie \u00e0 trouver, former et conserver les meilleurs employ\u00e9s <\/span> qui soient. Nous sommes r\u00e9solus \u00e0 aider l\u2019industrie \u00e0 trouver, former et conserver les meilleurs employ\u00e9s qui soient. Gr\u00e2ce \u00e0 ses partenariats avec l\u2019industrie, les associations, les \u00e9ducateurs et tous les paliers de gouvernement du Canada, nous avons su d\u00e9velopper des ressources exceptionnelles pour l\u2019industrie, notamment le R\u00e9f\u00e9rentiel de comp\u00e9tences alimentairesMC, l\u2019Institut canadien des fabricants d\u2019alimentsMC, CertAlimentMC et des rapports d\u2019information sur le march\u00e9 du travail.<\/p>\n\t\t\t\t\t\t\t\t<\/div>\n\t\t\t\t<\/div>\n\t\t\t\t\t<\/div>\n\t\t<\/div>\n\t\t\t\t<div class=\"has_eae_slider elementor-column elementor-col-50 elementor-top-column elementor-element elementor-element-8fc547a\" data-eae-slider=\"50515\" data-id=\"8fc547a\" data-element_type=\"column\" data-e-type=\"column\">\n\t\t\t<div class=\"elementor-widget-wrap elementor-element-populated\">\n\t\t\t\t\t\t<div class=\"elementor-element elementor-element-2643217 elementor-invisible elementor-widget elementor-widget-image\" data-id=\"2643217\" data-element_type=\"widget\" data-e-type=\"widget\" data-settings=\"{&quot;motion_fx_motion_fx_scrolling&quot;:&quot;yes&quot;,&quot;motion_fx_translateY_effect&quot;:&quot;yes&quot;,&quot;_animation&quot;:&quot;fadeIn&quot;,&quot;motion_fx_translateY_speed&quot;:{&quot;unit&quot;:&quot;px&quot;,&quot;size&quot;:4,&quot;sizes&quot;:[]},&quot;motion_fx_translateY_affectedRange&quot;:{&quot;unit&quot;:&quot;%&quot;,&quot;size&quot;:&quot;&quot;,&quot;sizes&quot;:{&quot;start&quot;:0,&quot;end&quot;:100}},&quot;motion_fx_devices&quot;:[&quot;desktop&quot;,&quot;tablet&quot;,&quot;mobile&quot;]}\" data-widget_type=\"image.default\">\n\t\t\t\t<div class=\"elementor-widget-container\">\n\t\t\t\t\t\t\t\t\t\t\t\t\t\t\t<img fetchpriority=\"high\" decoding=\"async\" width=\"500\" height=\"583\" src=\"https:\/\/swpp-fpsc.com\/wp-content\/uploads\/2021\/07\/food-processing.png\" class=\"attachment-full size-full wp-image-1619\" alt=\"\" srcset=\"https:\/\/swpp-fpsc.com\/wp-content\/uploads\/2021\/07\/food-processing.png 500w, https:\/\/swpp-fpsc.com\/wp-content\/uploads\/2021\/07\/food-processing-257x300.png 257w\" sizes=\"(max-width: 500px) 100vw, 500px\" \/>\t\t\t\t\t\t\t\t\t\t\t\t\t\t\t<\/div>\n\t\t\t\t<\/div>\n\t\t\t\t\t<\/div>\n\t\t<\/div>\n\t\t\t\t\t<\/div>\n\t\t<\/section>\n\t\t\t\t<section class=\"has_eae_slider elementor-section elementor-top-section elementor-element elementor-element-4fac156 elementor-section-boxed elementor-section-height-default elementor-section-height-default\" data-eae-slider=\"91082\" data-id=\"4fac156\" data-element_type=\"section\" data-e-type=\"section\">\n\t\t\t\t\t\t<div class=\"elementor-container elementor-column-gap-default\">\n\t\t\t\t\t\t<\/div>\n\t\t<\/section>\n\t\t\t\t<section class=\"has_eae_slider elementor-section elementor-top-section elementor-element elementor-element-7ba0a75 elementor-section-height-min-height elementor-section-boxed elementor-section-height-default elementor-section-items-middle\" data-eae-slider=\"64040\" data-id=\"7ba0a75\" data-element_type=\"section\" data-e-type=\"section\" data-settings=\"{&quot;background_background&quot;:&quot;classic&quot;,&quot;background_motion_fx_motion_fx_scrolling&quot;:&quot;yes&quot;,&quot;background_motion_fx_scale_effect&quot;:&quot;yes&quot;,&quot;background_motion_fx_scale_speed&quot;:{&quot;unit&quot;:&quot;px&quot;,&quot;size&quot;:3,&quot;sizes&quot;:[]},&quot;background_motion_fx_scale_direction&quot;:&quot;out-in&quot;,&quot;background_motion_fx_scale_range&quot;:{&quot;unit&quot;:&quot;%&quot;,&quot;size&quot;:&quot;&quot;,&quot;sizes&quot;:{&quot;start&quot;:20,&quot;end&quot;:80}},&quot;background_motion_fx_devices&quot;:[&quot;desktop&quot;,&quot;tablet&quot;,&quot;mobile&quot;]}\">\n\t\t\t\t\t\t\t<div class=\"elementor-background-overlay\"><\/div>\n\t\t\t\t\t\t\t<div class=\"elementor-container elementor-column-gap-default\">\n\t\t\t\t\t<div class=\"has_eae_slider elementor-column elementor-col-33 elementor-top-column elementor-element elementor-element-79b0afd\" data-eae-slider=\"28529\" data-id=\"79b0afd\" data-element_type=\"column\" data-e-type=\"column\" data-settings=\"{&quot;background_background&quot;:&quot;classic&quot;}\">\n\t\t\t<div class=\"elementor-widget-wrap elementor-element-populated\">\n\t\t\t\t\t\t<div class=\"elementor-element elementor-element-44064e8 elementor-widget elementor-widget-heading\" data-id=\"44064e8\" data-element_type=\"widget\" data-e-type=\"widget\" data-widget_type=\"heading.default\">\n\t\t\t\t<div class=\"elementor-widget-container\">\n\t\t\t\t\t<h2 class=\"elementor-heading-title elementor-size-default\">D\u00e9couvrez<b> Comp\u00e9tences Transformation Alimentaire Canada<\/b><\/h2>\t\t\t\t<\/div>\n\t\t\t\t<\/div>\n\t\t\t\t<div class=\"elementor-element elementor-element-6afb62e elementor-align-left elementor-widget elementor-widget-button\" data-id=\"6afb62e\" data-element_type=\"widget\" data-e-type=\"widget\" data-widget_type=\"button.default\">\n\t\t\t\t<div class=\"elementor-widget-container\">\n\t\t\t\t\t\t\t\t\t<div class=\"elementor-button-wrapper\">\n\t\t\t\t\t<a class=\"elementor-button elementor-button-link elementor-size-sm elementor-animation-grow\" href=\"https:\/\/fpsc-ctac.com\/\">\n\t\t\t\t\t\t<span class=\"elementor-button-content-wrapper\">\n\t\t\t\t\t\t<span class=\"elementor-button-icon\">\n\t\t\t\t<svg xmlns=\"http:\/\/www.w3.org\/2000\/svg\" width=\"24\" height=\"24\" viewBox=\"0 0 24 24\" fill=\"none\"><path d=\"M10.5858 6.34317L12 4.92896L19.0711 12L12 19.0711L10.5858 17.6569L16.2427 12L10.5858 6.34317Z\" fill=\"#F8F8FB\"><\/path><\/svg>\t\t\t<\/span>\n\t\t\t\t\t\t\t\t\t<span class=\"elementor-button-text\">Plus de d\u00e9tails<\/span>\n\t\t\t\t\t<\/span>\n\t\t\t\t\t<\/a>\n\t\t\t\t<\/div>\n\t\t\t\t\t\t\t\t<\/div>\n\t\t\t\t<\/div>\n\t\t\t\t\t<\/div>\n\t\t<\/div>\n\t\t\t\t<div class=\"has_eae_slider elementor-column elementor-col-33 elementor-top-column elementor-element elementor-element-15353c4\" data-eae-slider=\"48947\" data-id=\"15353c4\" data-element_type=\"column\" data-e-type=\"column\">\n\t\t\t<div class=\"elementor-widget-wrap\">\n\t\t\t\t\t\t\t<\/div>\n\t\t<\/div>\n\t\t\t\t<div class=\"has_eae_slider elementor-column elementor-col-33 elementor-top-column elementor-element elementor-element-c611f37\" data-eae-slider=\"76404\" data-id=\"c611f37\" data-element_type=\"column\" data-e-type=\"column\">\n\t\t\t<div class=\"elementor-widget-wrap\">\n\t\t\t\t\t\t\t<\/div>\n\t\t<\/div>\n\t\t\t\t\t<\/div>\n\t\t<\/section>\n\t\t\t\t<\/div>\n\t\t","protected":false},"excerpt":{"rendered":"<p>Comp\u00e9tences Transformation Alimentaire Canada Comp\u00e9tences Transformation Alimentaire Canada est l\u2019organisation de d\u00e9veloppement de la main-d\u2019\u0153uvre de l\u2019industrie de la transformation des aliments et des boissons. Notre raison d\u2019\u00eatre : appuyer les gens en leur proposant du d\u00e9veloppement de comp\u00e9tences et de la formation de tr\u00e8s grande qualit\u00e9 pour occuper un r\u00f4le dans l\u2019industrie canadienne de &#8230; <a title=\"Comp\u00e9tences Transformation Alimentaire Canada\" class=\"read-more\" href=\"https:\/\/swpp-fpsc.com\/fr\/competences-transformation-alimentaire-canada\/\" aria-label=\"En savoir plus sur Comp\u00e9tences Transformation Alimentaire Canada\">Lire la suite<\/a><\/p>\n","protected":false},"author":2,"featured_media":0,"parent":0,"menu_order":0,"comment_status":"closed","ping_status":"closed","template":"","meta":{"content-type":"","footnotes":""},"class_list":["post-1696","page","type-page","status-publish"],"yoast_head":"<!-- This site is optimized with the Yoast SEO plugin v27.1.1 - https:\/\/yoast.com\/product\/yoast-seo-wordpress\/ -->\n<title>Comp\u00e9tences Transformation Alimentaire Canada - For the Love of Skills<\/title>\n<meta name=\"robots\" content=\"index, follow, max-snippet:-1, max-image-preview:large, max-video-preview:-1\" \/>\n<link rel=\"canonical\" href=\"https:\/\/swpp-fpsc.com\/fr\/competences-transformation-alimentaire-canada\/\" \/>\n<meta property=\"og:locale\" content=\"fr_FR\" \/>\n<meta property=\"og:type\" content=\"article\" \/>\n<meta property=\"og:title\" content=\"Comp\u00e9tences Transformation Alimentaire Canada - For the Love of Skills\" \/>\n<meta property=\"og:description\" content=\"Comp\u00e9tences Transformation Alimentaire Canada Comp\u00e9tences Transformation Alimentaire Canada est l\u2019organisation de d\u00e9veloppement de la main-d\u2019\u0153uvre de l\u2019industrie de la transformation des aliments et des boissons. Notre raison d\u2019\u00eatre : appuyer les gens en leur proposant du d\u00e9veloppement de comp\u00e9tences et de la formation de tr\u00e8s grande qualit\u00e9 pour occuper un r\u00f4le dans l\u2019industrie canadienne de ... Lire la suite\" \/>\n<meta property=\"og:url\" content=\"https:\/\/swpp-fpsc.com\/fr\/competences-transformation-alimentaire-canada\/\" \/>\n<meta property=\"og:site_name\" content=\"FSPC - SWPP+\" \/>\n<meta property=\"article:publisher\" content=\"https:\/\/www.facebook.com\/FPSC.CTAC\" \/>\n<meta property=\"article:modified_time\" content=\"2021-10-22T23:54:07+00:00\" \/>\n<meta property=\"og:image\" content=\"http:\/\/swpp-fpsc.com\/wp-content\/uploads\/2021\/07\/food-processing.png\" \/>\n<meta name=\"twitter:card\" content=\"summary_large_image\" \/>\n<meta name=\"twitter:site\" content=\"@FoodPSCanada\" \/>\n<meta name=\"twitter:label1\" content=\"Dur\u00e9e de lecture estim\u00e9e\" \/>\n\t<meta name=\"twitter:data1\" content=\"1 minute\" \/>\n<script type=\"application\/ld+json\" class=\"yoast-schema-graph\">{\"@context\":\"https:\/\/schema.org\",\"@graph\":[{\"@type\":\"WebPage\",\"@id\":\"https:\/\/swpp-fpsc.com\/fr\/competences-transformation-alimentaire-canada\/\",\"url\":\"https:\/\/swpp-fpsc.com\/fr\/competences-transformation-alimentaire-canada\/\",\"name\":\"Comp\u00e9tences Transformation Alimentaire Canada - For the Love of Skills\",\"isPartOf\":{\"@id\":\"https:\/\/swpp-fpsc.com\/#website\"},\"primaryImageOfPage\":{\"@id\":\"https:\/\/swpp-fpsc.com\/fr\/competences-transformation-alimentaire-canada\/#primaryimage\"},\"image\":{\"@id\":\"https:\/\/swpp-fpsc.com\/fr\/competences-transformation-alimentaire-canada\/#primaryimage\"},\"thumbnailUrl\":\"http:\/\/swpp-fpsc.com\/wp-content\/uploads\/2021\/07\/food-processing.png\",\"datePublished\":\"2021-10-22T22:03:08+00:00\",\"dateModified\":\"2021-10-22T23:54:07+00:00\",\"breadcrumb\":{\"@id\":\"https:\/\/swpp-fpsc.com\/fr\/competences-transformation-alimentaire-canada\/#breadcrumb\"},\"inLanguage\":\"fr-FR\",\"potentialAction\":[{\"@type\":\"ReadAction\",\"target\":[\"https:\/\/swpp-fpsc.com\/fr\/competences-transformation-alimentaire-canada\/\"]}]},{\"@type\":\"ImageObject\",\"inLanguage\":\"fr-FR\",\"@id\":\"https:\/\/swpp-fpsc.com\/fr\/competences-transformation-alimentaire-canada\/#primaryimage\",\"url\":\"http:\/\/swpp-fpsc.com\/wp-content\/uploads\/2021\/07\/food-processing.png\",\"contentUrl\":\"http:\/\/swpp-fpsc.com\/wp-content\/uploads\/2021\/07\/food-processing.png\"},{\"@type\":\"BreadcrumbList\",\"@id\":\"https:\/\/swpp-fpsc.com\/fr\/competences-transformation-alimentaire-canada\/#breadcrumb\",\"itemListElement\":[{\"@type\":\"ListItem\",\"position\":1,\"name\":\"Home\",\"item\":\"https:\/\/swpp-fpsc.com\/fr\/\"},{\"@type\":\"ListItem\",\"position\":2,\"name\":\"Comp\u00e9tences Transformation Alimentaire Canada\"}]},{\"@type\":\"WebSite\",\"@id\":\"https:\/\/swpp-fpsc.com\/#website\",\"url\":\"https:\/\/swpp-fpsc.com\/\",\"name\":\"FSPC - SWPP+\",\"description\":\"For the Love of Skills\",\"publisher\":{\"@id\":\"https:\/\/swpp-fpsc.com\/#organization\"},\"potentialAction\":[{\"@type\":\"SearchAction\",\"target\":{\"@type\":\"EntryPoint\",\"urlTemplate\":\"https:\/\/swpp-fpsc.com\/?s={search_term_string}\"},\"query-input\":{\"@type\":\"PropertyValueSpecification\",\"valueRequired\":true,\"valueName\":\"search_term_string\"}}],\"inLanguage\":\"fr-FR\"},{\"@type\":\"Organization\",\"@id\":\"https:\/\/swpp-fpsc.com\/#organization\",\"name\":\"FSPC - SWPP+\",\"url\":\"https:\/\/swpp-fpsc.com\/\",\"logo\":{\"@type\":\"ImageObject\",\"inLanguage\":\"fr-FR\",\"@id\":\"https:\/\/swpp-fpsc.com\/#\/schema\/logo\/image\/\",\"url\":\"https:\/\/swpp-fpsc.com\/wp-content\/uploads\/2022\/05\/cropped-cropped-SWPP-logo-RED.png\",\"contentUrl\":\"https:\/\/swpp-fpsc.com\/wp-content\/uploads\/2022\/05\/cropped-cropped-SWPP-logo-RED.png\",\"width\":245,\"height\":342,\"caption\":\"FSPC - SWPP+\"},\"image\":{\"@id\":\"https:\/\/swpp-fpsc.com\/#\/schema\/logo\/image\/\"},\"sameAs\":[\"https:\/\/www.facebook.com\/FPSC.CTAC\",\"https:\/\/x.com\/FoodPSCanada\",\"https:\/\/ca.linkedin.com\/company\/food-processing-hr-council\",\"https:\/\/www.instagram.com\/food_processing_skills_canada\/\",\"https:\/\/www.youtube.com\/user\/FPHRC\"]}]}<\/script>\n<!-- \/ Yoast SEO plugin. -->","yoast_head_json":{"title":"Comp\u00e9tences Transformation Alimentaire Canada - For the Love of Skills","robots":{"index":"index","follow":"follow","max-snippet":"max-snippet:-1","max-image-preview":"max-image-preview:large","max-video-preview":"max-video-preview:-1"},"canonical":"https:\/\/swpp-fpsc.com\/fr\/competences-transformation-alimentaire-canada\/","og_locale":"fr_FR","og_type":"article","og_title":"Comp\u00e9tences Transformation Alimentaire Canada - For the Love of Skills","og_description":"Comp\u00e9tences Transformation Alimentaire Canada Comp\u00e9tences Transformation Alimentaire Canada est l\u2019organisation de d\u00e9veloppement de la main-d\u2019\u0153uvre de l\u2019industrie de la transformation des aliments et des boissons. Notre raison d\u2019\u00eatre : appuyer les gens en leur proposant du d\u00e9veloppement de comp\u00e9tences et de la formation de tr\u00e8s grande qualit\u00e9 pour occuper un r\u00f4le dans l\u2019industrie canadienne de ... Lire la suite","og_url":"https:\/\/swpp-fpsc.com\/fr\/competences-transformation-alimentaire-canada\/","og_site_name":"FSPC - SWPP+","article_publisher":"https:\/\/www.facebook.com\/FPSC.CTAC","article_modified_time":"2021-10-22T23:54:07+00:00","og_image":[{"url":"http:\/\/swpp-fpsc.com\/wp-content\/uploads\/2021\/07\/food-processing.png","type":"","width":"","height":""}],"twitter_card":"summary_large_image","twitter_site":"@FoodPSCanada","twitter_misc":{"Dur\u00e9e de lecture estim\u00e9e":"1 minute"},"schema":{"@context":"https:\/\/schema.org","@graph":[{"@type":"WebPage","@id":"https:\/\/swpp-fpsc.com\/fr\/competences-transformation-alimentaire-canada\/","url":"https:\/\/swpp-fpsc.com\/fr\/competences-transformation-alimentaire-canada\/","name":"Comp\u00e9tences Transformation Alimentaire Canada - For the Love of Skills","isPartOf":{"@id":"https:\/\/swpp-fpsc.com\/#website"},"primaryImageOfPage":{"@id":"https:\/\/swpp-fpsc.com\/fr\/competences-transformation-alimentaire-canada\/#primaryimage"},"image":{"@id":"https:\/\/swpp-fpsc.com\/fr\/competences-transformation-alimentaire-canada\/#primaryimage"},"thumbnailUrl":"http:\/\/swpp-fpsc.com\/wp-content\/uploads\/2021\/07\/food-processing.png","datePublished":"2021-10-22T22:03:08+00:00","dateModified":"2021-10-22T23:54:07+00:00","breadcrumb":{"@id":"https:\/\/swpp-fpsc.com\/fr\/competences-transformation-alimentaire-canada\/#breadcrumb"},"inLanguage":"fr-FR","potentialAction":[{"@type":"ReadAction","target":["https:\/\/swpp-fpsc.com\/fr\/competences-transformation-alimentaire-canada\/"]}]},{"@type":"ImageObject","inLanguage":"fr-FR","@id":"https:\/\/swpp-fpsc.com\/fr\/competences-transformation-alimentaire-canada\/#primaryimage","url":"http:\/\/swpp-fpsc.com\/wp-content\/uploads\/2021\/07\/food-processing.png","contentUrl":"http:\/\/swpp-fpsc.com\/wp-content\/uploads\/2021\/07\/food-processing.png"},{"@type":"BreadcrumbList","@id":"https:\/\/swpp-fpsc.com\/fr\/competences-transformation-alimentaire-canada\/#breadcrumb","itemListElement":[{"@type":"ListItem","position":1,"name":"Home","item":"https:\/\/swpp-fpsc.com\/fr\/"},{"@type":"ListItem","position":2,"name":"Comp\u00e9tences Transformation Alimentaire Canada"}]},{"@type":"WebSite","@id":"https:\/\/swpp-fpsc.com\/#website","url":"https:\/\/swpp-fpsc.com\/","name":"FSPC - SWPP+","description":"For the Love of Skills","publisher":{"@id":"https:\/\/swpp-fpsc.com\/#organization"},"potentialAction":[{"@type":"SearchAction","target":{"@type":"EntryPoint","urlTemplate":"https:\/\/swpp-fpsc.com\/?s={search_term_string}"},"query-input":{"@type":"PropertyValueSpecification","valueRequired":true,"valueName":"search_term_string"}}],"inLanguage":"fr-FR"},{"@type":"Organization","@id":"https:\/\/swpp-fpsc.com\/#organization","name":"FSPC - SWPP+","url":"https:\/\/swpp-fpsc.com\/","logo":{"@type":"ImageObject","inLanguage":"fr-FR","@id":"https:\/\/swpp-fpsc.com\/#\/schema\/logo\/image\/","url":"https:\/\/swpp-fpsc.com\/wp-content\/uploads\/2022\/05\/cropped-cropped-SWPP-logo-RED.png","contentUrl":"https:\/\/swpp-fpsc.com\/wp-content\/uploads\/2022\/05\/cropped-cropped-SWPP-logo-RED.png","width":245,"height":342,"caption":"FSPC - SWPP+"},"image":{"@id":"https:\/\/swpp-fpsc.com\/#\/schema\/logo\/image\/"},"sameAs":["https:\/\/www.facebook.com\/FPSC.CTAC","https:\/\/x.com\/FoodPSCanada","https:\/\/ca.linkedin.com\/company\/food-processing-hr-council","https:\/\/www.instagram.com\/food_processing_skills_canada\/","https:\/\/www.youtube.com\/user\/FPHRC"]}]}},"jetpack_sharing_enabled":true,"_links":{"self":[{"href":"https:\/\/swpp-fpsc.com\/fr\/wp-json\/wp\/v2\/pages\/1696","targetHints":{"allow":["GET"]}}],"collection":[{"href":"https:\/\/swpp-fpsc.com\/fr\/wp-json\/wp\/v2\/pages"}],"about":[{"href":"https:\/\/swpp-fpsc.com\/fr\/wp-json\/wp\/v2\/types\/page"}],"author":[{"embeddable":true,"href":"https:\/\/swpp-fpsc.com\/fr\/wp-json\/wp\/v2\/users\/2"}],"replies":[{"embeddable":true,"href":"https:\/\/swpp-fpsc.com\/fr\/wp-json\/wp\/v2\/comments?post=1696"}],"version-history":[{"count":3,"href":"https:\/\/swpp-fpsc.com\/fr\/wp-json\/wp\/v2\/pages\/1696\/revisions"}],"predecessor-version":[{"id":1720,"href":"https:\/\/swpp-fpsc.com\/fr\/wp-json\/wp\/v2\/pages\/1696\/revisions\/1720"}],"wp:attachment":[{"href":"https:\/\/swpp-fpsc.com\/fr\/wp-json\/wp\/v2\/media?parent=1696"}],"curies":[{"name":"wp","href":"https:\/\/api.w.org\/{rel}","templated":true}]}}